{"id":51,"date":"2022-06-10T14:46:52","date_gmt":"2022-06-10T12:46:52","guid":{"rendered":"https:\/\/retriever06.fr\/aectest\/?page_id=51"},"modified":"2022-06-22T22:44:58","modified_gmt":"2022-06-22T20:44:58","slug":"vmc","status":"publish","type":"page","link":"https:\/\/retriever06.fr\/aectest\/vmc\/","title":{"rendered":"VMC"},"content":{"rendered":"\t\t<div data-elementor-type=\"wp-page\" data-elementor-id=\"51\" class=\"elementor elementor-51\">\n\t\t\t\t\t\t<section class=\"elementor-section elementor-top-section elementor-element elementor-element-066223b elementor-section-boxed elementor-section-height-default elementor-section-height-default\" data-id=\"066223b\" data-element_type=\"section\" data-settings=\"{&quot;background_background&quot;:&quot;classic&quot;}\">\n\t\t\t\t\t\t<div class=\"elementor-container elementor-column-gap-default\">\n\t\t\t\t\t<div class=\"elementor-column elementor-col-100 elementor-top-column elementor-element elementor-element-f6db351\" data-id=\"f6db351\" data-element_type=\"column\">\n\t\t\t<div class=\"elementor-widget-wrap elementor-element-populated\">\n\t\t\t\t\t\t<div class=\"elementor-element elementor-element-0e93cc8 elementor-widget elementor-widget-heading\" data-id=\"0e93cc8\" data-element_type=\"widget\" data-widget_type=\"heading.default\">\n\t\t\t\t<div class=\"elementor-widget-container\">\n\t\t\t<style>\/*! elementor - v3.23.0 - 05-08-2024 *\/\n.elementor-heading-title{padding:0;margin:0;line-height:1}.elementor-widget-heading .elementor-heading-title[class*=elementor-size-]>a{color:inherit;font-size:inherit;line-height:inherit}.elementor-widget-heading .elementor-heading-title.elementor-size-small{font-size:15px}.elementor-widget-heading .elementor-heading-title.elementor-size-medium{font-size:19px}.elementor-widget-heading .elementor-heading-title.elementor-size-large{font-size:29px}.elementor-widget-heading .elementor-heading-title.elementor-size-xl{font-size:39px}.elementor-widget-heading .elementor-heading-title.elementor-size-xxl{font-size:59px}<\/style><h2 class=\"elementor-heading-title elementor-size-default\">VMC<\/h2>\t\t<\/div>\n\t\t\t\t<\/div>\n\t\t\t\t<div class=\"elementor-element elementor-element-3656e1f elementor-widget elementor-widget-text-editor\" data-id=\"3656e1f\" data-element_type=\"widget\" data-widget_type=\"text-editor.default\">\n\t\t\t\t<div class=\"elementor-widget-container\">\n\t\t\t<style>\/*! elementor - v3.23.0 - 05-08-2024 *\/\n.elementor-widget-text-editor.elementor-drop-cap-view-stacked .elementor-drop-cap{background-color:#69727d;color:#fff}.elementor-widget-text-editor.elementor-drop-cap-view-framed .elementor-drop-cap{color:#69727d;border:3px solid;background-color:transparent}.elementor-widget-text-editor:not(.elementor-drop-cap-view-default) .elementor-drop-cap{margin-top:8px}.elementor-widget-text-editor:not(.elementor-drop-cap-view-default) .elementor-drop-cap-letter{width:1em;height:1em}.elementor-widget-text-editor .elementor-drop-cap{float:left;text-align:center;line-height:1;font-size:50px}.elementor-widget-text-editor .elementor-drop-cap-letter{display:inline-block}<\/style>\t\t\t\t<div id=\"primary\" class=\"content-area sixteen columns\"><p>\u00a0<\/p><main id=\"main\" class=\"site-main\" role=\"main\"><p>\u00a0<\/p><article id=\"post-11\" class=\"post-11 page type-page status-publish hentry\"><div class=\"entry-content\"><div class=\"container\"><div class=\"row\"><div class=\"col-md-12\"><div class=\"wysiwyg\"><div class=\"head-titles\">\u00a0La ventilation m\u00e9canique contr\u00f4l\u00e9e (VMC) est un \u00e9quipement essentiel puisqu\u2019il permet de renouveler l\u2019air de votre logement. Il \u00e9vacue l\u2019air vici\u00e9 des pi\u00e8ces d\u2019eau et fait p\u00e9n\u00e9trer l\u2019air frais issu de l\u2019ext\u00e9rieur dans les pi\u00e8ces de vie.<\/div><div class=\"head-titles\">\u00a0<\/div><div class=\"push-text\"><p><strong>Une VMC performante : une obligation.<\/strong><br \/>Un logement bien ventil\u00e9 est un indispensable pour le bien-\u00eatre et la sant\u00e9 de ses habitants. Il ne s\u2019agit pas d\u2019un luxe optionnel mais d\u2019une obligation : la ventilation g\u00e9n\u00e9rale et permanente des logements est impos\u00e9e l\u00e9galement depuis l\u2019arr\u00eat\u00e9 du 24 mars 1982.<\/p><\/div><p><strong>Une VMC pour ventiler l\u2019air int\u00e9rieur.<\/strong><br \/>Le saviez-vous ? L\u2019air int\u00e9rieur de nos maisons est cinq \u00e0 six fois plus pollu\u00e9 que l\u2019air ext\u00e9rieur. Un vrai probl\u00e8me quand on sait que l\u2019on passe en moyenne 16 heures par jour dans un espace clos. L\u2019air int\u00e9rieur se compose d\u2019azote (78%), d\u2019oxyg\u00e8ne (21%), de dioxyde de carbone, de vapeur d\u2019eau et de diff\u00e9rents gaz rares. Il peut en outre se d\u00e9t\u00e9riorer avec la pr\u00e9sence des COV (Compos\u00e9s Organiques Volatils), issus de l\u2019\u00e9vaporation de solvants. Peintures, vernis, colles, mat\u00e9riaux de d\u00e9coration sont autant de nids \u00e0 COV\u2026 Sans oublier les pollens, formald\u00e9hydes et autres allerg\u00e8nes. Une\u00a0<strong>VMC performante<\/strong>\u00a0est le moyen le plus s\u00fbr de garantir un renouvellement de l\u2019air !<\/p><p><strong>Une VMC pour r\u00e9aliser des \u00e9conomies.<\/strong><br \/>A\u00e9rer sa maison chaque jour est un bon r\u00e9flexe mais il est insuffisant. Pour un int\u00e9rieur bien ventil\u00e9, choisir une\u00a0<strong>VMC performante<\/strong>\u00a0est n\u00e9cessaire. Elle permet d\u2019aspirer l\u2019air vici\u00e9 via des bouches d\u2019extraction situ\u00e9es dans les diff\u00e9rentes pi\u00e8ces humides, puis de le remplacer par de l\u2019air frais issu de l\u2019ext\u00e9rieur. Ce renouvellement s\u2019effectue de mani\u00e8re automatique, ce qui est un gage de confort. La\u00a0<a href=\"http:\/\/www.atlantic.fr\/Ventiler-le-logement\/Ventilation-de-tout-le-logement\/Ventilation-simple-flux\" target=\"_self\"><strong>VMC simple flux<\/strong><\/a>\u00a0est conseill\u00e9e pour obtenir une bonne qualit\u00e9 d\u2019air int\u00e9rieur \u00e0 moindre co\u00fbt. Si vous optez pour une\u00a0<a href=\"http:\/\/www.atlantic.fr\/Ventiler-le-logement\/Ventilation-de-tout-le-logement\/Ventilation-double-flux\" target=\"_self\"><strong>VMC double flux<\/strong><\/a>, vous r\u00e9aliserez des \u00e9conomies sur votre facture de chauffage en hiver : gr\u00e2ce \u00e0 son \u00e9changeur thermique, cette VMC r\u00e9cup\u00e8re l\u2019\u00e9nergie pr\u00e9sente dans l\u2019air vici\u00e9 puis la diffuse dans l\u2019air neuf filtr\u00e9. L\u2019air insuffl\u00e9 ne sera pas froid mais temp\u00e9r\u00e9 par la chaleur de l\u2019air inspir\u00e9. C\u2019est aussi et surtout la garantie d\u2019une qualit\u00e9 d\u2019air int\u00e9rieur irr\u00e9prochable, notamment gr\u00e2ce \u00e0 ses filtres fins qui retiennent les pollens et particules fines, les emp\u00eachant ainsi de p\u00e9n\u00e9trer dans le logement.<\/p><p><strong>Une VMC pour prot\u00e9ger sa sant\u00e9 et son logement.<\/strong><br \/>Un air int\u00e9rieur pollu\u00e9 peut entra\u00eener ou favoriser des d\u00e9sagr\u00e9ments s\u00e9rieux : irritation des voies respiratoires, allergies voire asthme pour les cas les plus s\u00e9v\u00e8res.\u00a0<strong>Bien choisir sa VMC<\/strong>\u00a0permet aussi de prot\u00e9ger sa maison de l\u2019humidit\u00e9. Or, un int\u00e9rieur humide est expos\u00e9 au d\u00e9veloppement de moisissures : n\u00e9fastes pour la sant\u00e9, elles le sont aussi pour le logement. En \u00e9quipant les pi\u00e8ces d\u2019eau d\u2019une VMC (salle de bain, cuisine, WC, buanderie\u2026), vous luttez efficacement contre le d\u00e9veloppement de champignons.<\/p><\/div><\/div><\/div><\/div><\/div><\/article><p>\u00a0<\/p><\/main><\/div>\t\t\t\t\t\t<\/div>\n\t\t\t\t<\/div>\n\t\t\t\t<div class=\"elementor-element elementor-element-a6b1b78 elementor-widget elementor-widget-image\" data-id=\"a6b1b78\" data-element_type=\"widget\" data-widget_type=\"image.default\">\n\t\t\t\t<div class=\"elementor-widget-container\">\n\t\t\t<style>\/*! elementor - v3.23.0 - 05-08-2024 *\/\n.elementor-widget-image{text-align:center}.elementor-widget-image a{display:inline-block}.elementor-widget-image a img[src$=\".svg\"]{width:48px}.elementor-widget-image img{vertical-align:middle;display:inline-block}<\/style>\t\t\t\t\t\t\t\t\t\t<img fetchpriority=\"high\" width=\"1024\" height=\"418\" src=\"https:\/\/retriever06.fr\/aectest\/wp-content\/uploads\/2022\/06\/VMC-simple-fluxdouble-flux-1024x418.jpg\" class=\"attachment-large size-large wp-image-349\" alt=\"\" srcset=\"https:\/\/retriever06.fr\/aectest\/wp-content\/uploads\/2022\/06\/VMC-simple-fluxdouble-flux-1024x418.jpg 1024w, https:\/\/retriever06.fr\/aectest\/wp-content\/uploads\/2022\/06\/VMC-simple-fluxdouble-flux-300x123.jpg 300w, https:\/\/retriever06.fr\/aectest\/wp-content\/uploads\/2022\/06\/VMC-simple-fluxdouble-flux-768x314.jpg 768w, https:\/\/retriever06.fr\/aectest\/wp-content\/uploads\/2022\/06\/VMC-simple-fluxdouble-flux.jpg 1212w\" sizes=\"(max-width: 1024px) 100vw, 1024px\" \/>\t\t\t\t\t\t\t\t\t\t\t\t\t<\/div>\n\t\t\t\t<\/div>\n\t\t\t\t\t<\/div>\n\t\t<\/div>\n\t\t\t\t\t<\/div>\n\t\t<\/section>\n\t\t\t\t<\/div>\n\t\t","protected":false},"excerpt":{"rendered":"<p>VMC &nbsp;La ventilation m\u00e9canique contr\u00f4l\u00e9e (VMC) est un \u00e9quipement essentiel puisqu\u2019il permet de renouveler l\u2019air de votre logement. Il \u00e9vacue l\u2019air vici\u00e9 des pi\u00e8ces d\u2019eau et fait p\u00e9n\u00e9trer l\u2019air frais issu de l\u2019ext\u00e9rieur dans les pi\u00e8ces de vie.&nbsp; Une VMC performante : une obligation. Un logement bien ventil\u00e9 est un indispensable pour le bien-\u00eatre et&#8230;<\/p>\n","protected":false},"author":1,"featured_media":0,"parent":0,"menu_order":0,"comment_status":"closed","ping_status":"closed","template":"","meta":{"om_disable_all_campaigns":false,"_monsterinsights_skip_tracking":false,"_monsterinsights_sitenote_active":false,"_monsterinsights_sitenote_note":"","_monsterinsights_sitenote_category":0,"_kad_post_transparent":"","_kad_post_title":"hide","_kad_post_layout":"fullwidth","_kad_post_sidebar_id":"","_kad_post_content_style":"unboxed","_kad_post_vertical_padding":"","_kad_post_feature":"","_kad_post_feature_position":"","_kad_post_header":false,"_kad_post_footer":false},"aioseo_notices":[],"_links":{"self":[{"href":"https:\/\/retriever06.fr\/aectest\/wp-json\/wp\/v2\/pages\/51"}],"collection":[{"href":"https:\/\/retriever06.fr\/aectest\/wp-json\/wp\/v2\/pages"}],"about":[{"href":"https:\/\/retriever06.fr\/aectest\/wp-json\/wp\/v2\/types\/page"}],"author":[{"embeddable":true,"href":"https:\/\/retriever06.fr\/aectest\/wp-json\/wp\/v2\/users\/1"}],"replies":[{"embeddable":true,"href":"https:\/\/retriever06.fr\/aectest\/wp-json\/wp\/v2\/comments?post=51"}],"version-history":[{"count":16,"href":"https:\/\/retriever06.fr\/aectest\/wp-json\/wp\/v2\/pages\/51\/revisions"}],"predecessor-version":[{"id":369,"href":"https:\/\/retriever06.fr\/aectest\/wp-json\/wp\/v2\/pages\/51\/revisions\/369"}],"wp:attachment":[{"href":"https:\/\/retriever06.fr\/aectest\/wp-json\/wp\/v2\/media?parent=51"}],"curies":[{"name":"wp","href":"https:\/\/api.w.org\/{rel}","templated":true}]}}