{"id":284,"date":"2022-06-16T21:36:03","date_gmt":"2022-06-16T19:36:03","guid":{"rendered":"https:\/\/retriever06.fr\/aectest\/?page_id=284"},"modified":"2022-06-16T21:45:13","modified_gmt":"2022-06-16T19:45:13","slug":"mentions-legales","status":"publish","type":"page","link":"https:\/\/retriever06.fr\/aectest\/mentions-legales\/","title":{"rendered":"Mentions l\u00e9gales"},"content":{"rendered":"\n<h2>Confidentialit\u00e9<\/h2>\n\n\n\n<p>A.E.C. n&rsquo;enregistre pas d&rsquo;informations personnelles permettant l&rsquo;identification, \u00e0 l&rsquo;exception des formulaires que l&rsquo;utilisateur est libre de remplir. Ces informations ne seront pas utilis\u00e9es sans votre accord, nous les utiliserons seulement pour vous adresser des courriers, des brochures, des devis ou vous contacter.<br><br>Les informations recueillies sur les sites b\u00e9n\u00e9ficient de la protection de la loi \u00ab\u00a0Informatique et Libert\u00e9s\u00a0\u00bb n\u00b0 78-17 du 06 janvier 1978. Elles b\u00e9n\u00e9ficient d&rsquo;un droit d&rsquo;acc\u00e8s, de rectification, d&rsquo;opposition \u00e0 communication et de suppression sur simple demande \u00e0 A.E.C: <a href=\"https:\/\/retriever06.fr\/aectest\/contact\/\" title=\"Contact\">formulaire de contact <\/a><br><br>A.E.C.  pourra proc\u00e9der \u00e0 des analyses statistiques sans que celles-ci soient nominatives et pourra en informer des tiers (organismes d&rsquo;\u00e9valuation de fr\u00e9quentation) sous une forme r\u00e9sum\u00e9e et non nominative.<\/p>\n\n\n\n<h2>R\u00e8glement g\u00e9n\u00e9ral sur la protection des donn\u00e9es (RGPD)<\/h2>\n\n\n\n<p>A.E.C. s&rsquo;engage \u00e0 ce que la collecte et le traitement de vos donn\u00e9es, effectu\u00e9s \u00e0 partir du site\u00a0ace06.fr soient conformes au r\u00e8glement g\u00e9n\u00e9ral sur la protection des donn\u00e9es (RGPD). Chaque formulaire ou t\u00e9l\u00e9service limite la collecte des donn\u00e9es personnelles, au strict n\u00e9cessaire (minimisation des donn\u00e9es), et indique notamment :<\/p>\n\n\n\n<ul><li>quels sont les objectifs du recueil de ces donn\u00e9es,<\/li><li>si ces donn\u00e9es sont obligatoires ou facultatives pour la gestion de votre demande,<\/li><li>qui pourra en prendre connaissance (uniquement A.E.C. en principe, sauf pr\u00e9cision dans le formulaire lorsqu&rsquo;une transmission, \u00e0 un tiers est n\u00e9cessaire \u00e0 la gestion de votre demande),<\/li><\/ul>\n\n\n\n<p>Les donn\u00e9es personnelles recueillies dans le cadre des services propos\u00e9s sur <a href=\"http:\/\/www.aec06.fr\">AEC06.fr<\/a> sont trait\u00e9es selon des protocoles s\u00e9curis\u00e9s et permettent \u00e0 A.E.C. de g\u00e9rer les demandes re\u00e7ues dans ses applications informatiques.<\/p>\n\n\n\n<p>Pour toute information ou exercice de vos droits Informatique et Libert\u00e9s sur les traitements de donn\u00e9es personnelles g\u00e9r\u00e9s par A.C.E., vous pouvez contacter A.E.C. <a href=\"https:\/\/retriever06.fr\/aectest\/contact\/\" title=\"Contact\">formulaire de contact <\/a><\/p>\n\n\n\n<h2>Utilisation de cookies<\/h2>\n\n\n\n<p>Les cookies permettent d\u2019enregistrer les informations (non personnelles) relatives \u00e0 la navigation des utilisateurs sur internet, ne seront utilis\u00e9s que dans le cadre de votre navigation sur le site\u00a0<a href=\"http:\/\/aec06.fr\">AEC06.fr<\/a><\/p>\n\n\n\n<h2>Liens hypertexte<\/h2>\n\n\n\n<p>A.E.C ne contr\u00f4le pas les sites en connexion avec le sien, et ne saurait donc \u00eatre responsable de leur contenu. Les risques li\u00e9s \u00e0 l&rsquo;utilisation de ces sites incombent pleinement \u00e0 l&rsquo;utilisateur. Il se conformera \u00e0 leurs conditions d&rsquo;utilisation.<\/p>\n\n\n\n<h2>H\u00e9bergement<\/h2>\n\n\n\n<p>A compl\u00e9ter suivant l\u2019h\u00e9bergeur.<br><\/p>\n","protected":false},"excerpt":{"rendered":"<p>Confidentialit\u00e9 A.E.C. n&rsquo;enregistre pas d&rsquo;informations personnelles permettant l&rsquo;identification, \u00e0 l&rsquo;exception des formulaires que l&rsquo;utilisateur est libre de remplir. Ces informations ne seront pas utilis\u00e9es sans votre accord, nous les utiliserons seulement pour vous adresser des courriers, des brochures, des devis ou vous contacter. Les informations recueillies sur les sites b\u00e9n\u00e9ficient de la protection de la&#8230;<\/p>\n","protected":false},"author":1,"featured_media":0,"parent":0,"menu_order":0,"comment_status":"closed","ping_status":"closed","template":"","meta":{"om_disable_all_campaigns":false,"_monsterinsights_skip_tracking":false,"_monsterinsights_sitenote_active":false,"_monsterinsights_sitenote_note":"","_monsterinsights_sitenote_category":0,"_kad_post_transparent":"","_kad_post_title":"","_kad_post_layout":"","_kad_post_sidebar_id":"","_kad_post_content_style":"","_kad_post_vertical_padding":"","_kad_post_feature":"","_kad_post_feature_position":"","_kad_post_header":false,"_kad_post_footer":false},"aioseo_notices":[],"_links":{"self":[{"href":"https:\/\/retriever06.fr\/aectest\/wp-json\/wp\/v2\/pages\/284"}],"collection":[{"href":"https:\/\/retriever06.fr\/aectest\/wp-json\/wp\/v2\/pages"}],"about":[{"href":"https:\/\/retriever06.fr\/aectest\/wp-json\/wp\/v2\/types\/page"}],"author":[{"embeddable":true,"href":"https:\/\/retriever06.fr\/aectest\/wp-json\/wp\/v2\/users\/1"}],"replies":[{"embeddable":true,"href":"https:\/\/retriever06.fr\/aectest\/wp-json\/wp\/v2\/comments?post=284"}],"version-history":[{"count":3,"href":"https:\/\/retriever06.fr\/aectest\/wp-json\/wp\/v2\/pages\/284\/revisions"}],"predecessor-version":[{"id":289,"href":"https:\/\/retriever06.fr\/aectest\/wp-json\/wp\/v2\/pages\/284\/revisions\/289"}],"wp:attachment":[{"href":"https:\/\/retriever06.fr\/aectest\/wp-json\/wp\/v2\/media?parent=284"}],"curies":[{"name":"wp","href":"https:\/\/api.w.org\/{rel}","templated":true}]}}